{"id":125,"date":"2020-10-23T14:56:51","date_gmt":"2020-10-23T11:56:51","guid":{"rendered":"https:\/\/masmuhendislik.com\/?page_id=125"},"modified":"2022-04-07T17:40:31","modified_gmt":"2022-04-07T14:40:31","slug":"hakkmizda","status":"publish","type":"page","link":"https:\/\/masmuhendislik.com\/?page_id=125","title":{"rendered":"Hakk\u0131m\u0131zda"},"content":{"rendered":"<div data-colibri-id=\"125-c1\" class=\"style-427 style-local-125-c1 position-relative\">\n  <!---->\n  <div data-colibri-component=\"section\" data-colibri-id=\"125-c2\" id=\"custom\" class=\"h-section h-section-global-spacing d-flex align-items-lg-center align-items-md-center align-items-center style-432 style-local-125-c2 position-relative\">\n    <!---->\n    <!---->\n    <div class=\"h-section-grid-container h-section-boxed-container\">\n      <!---->\n      <div data-colibri-id=\"125-c3\" class=\"h-row-container gutters-row-lg-2 gutters-row-md-2 gutters-row-0 gutters-row-v-lg-2 gutters-row-v-md-2 gutters-row-v-2 style-606 style-local-125-c3 position-relative\">\n        <!---->\n        <div class=\"h-row justify-content-lg-center justify-content-md-center justify-content-center align-items-lg-stretch align-items-md-stretch align-items-stretch gutters-col-lg-2 gutters-col-md-2 gutters-col-0 gutters-col-v-lg-2 gutters-col-v-md-2 gutters-col-v-2\">\n          <!---->\n          <div class=\"h-column h-column-container d-flex h-col-lg-auto h-col-md-auto h-col-auto style-607-outer style-local-125-c4-outer\">\n            <div data-colibri-id=\"125-c4\" class=\"d-flex h-flex-basis h-column__inner h-px-lg-2 h-px-md-2 h-px-2 v-inner-lg-2 v-inner-md-2 v-inner-2 style-607 style-local-125-c4 position-relative\">\n              <!---->\n              <!---->\n              <div class=\"w-100 h-y-container h-column__content h-column__v-align flex-basis-100 align-self-lg-start align-self-md-start align-self-start\">\n                <!---->\n                <div data-colibri-id=\"125-c5\" class=\"h-lead h-text h-text-component style-610 style-local-125-c5 position-relative h-element\">\n                  <!---->\n                  <!---->\n                  <div class=\"\">\n                    <p><span style=\"color: rgb(37, 41, 42); font-family: &quot;Open Sans&quot;; font-size: 20px; font-weight: 300;\">MAS M\u00fchendislik; mekanik tesisat sekt\u00f6r\u00fcnde yakla\u015f\u0131k 15 y\u0131l boyunca edinilen tecr\u00fcbeler sonucunda 2020 y\u0131l\u0131nda kurulan bir taahh\u00fct firmas\u0131d\u0131r. Bu tecr\u00fcbeler \u0131\u015f\u0131\u011f\u0131nda ila\u00e7 fabrikalar\u0131, end\u00fcstriyel tesisler, hastaneler, zincir ma\u011fazalar vb. \u00e7ok \u00e7e\u015fitli ve geni\u015f yelpazedeki yap\u0131lar\u0131n mekanik tesisat tasar\u0131m ve uygulama alanlar\u0131nda faaliyet g\u00f6stermektedir.<\/span><\/p>\n                  <\/div>\n                <\/div>\n                <div data-colibri-id=\"125-c6\" class=\"h-global-transition-all h-heading style-611 style-local-125-c6 position-relative h-element\">\n                  <!---->\n                  <div class=\"h-heading__outer style-611 style-local-125-c6\">\n                    <!---->\n                    <!---->\n                    <h3 class=\"\">Misyonumuz<\/h3>\n                  <\/div>\n                <\/div>\n                <div data-colibri-id=\"125-c7\" class=\"h-lead h-text h-text-component style-613 style-local-125-c7 position-relative h-element\">\n                  <!---->\n                  <!---->\n                  <div class=\"\">\n                    <p>MAS M\u00fchendislik; \u00fcstlendi\u011fi mekanik proje ve uygulama i\u015flerini daima yenilik\u00e7i, yarat\u0131c\u0131 ve optimum \u00e7\u00f6z\u00fcmler ile \u00e7evreye ve insana yararl\u0131 yap\u0131lar\u0131n in\u015fa edilmesini ama\u00e7 edinmi\u015ftir.<\/p>\n                  <\/div>\n                <\/div>\n                <div data-colibri-id=\"125-c8\" class=\"h-global-transition-all h-heading style-612 style-local-125-c8 position-relative h-element\">\n                  <!---->\n                  <div class=\"h-heading__outer style-612 style-local-125-c8\">\n                    <!---->\n                    <!---->\n                    <h3 class=\"\">Vizyonumuz<\/h3>\n                  <\/div>\n                <\/div>\n                <div data-colibri-id=\"125-c9\" class=\"h-text h-text-component style-608 style-local-125-c9 position-relative h-element\">\n                  <!---->\n                  <!---->\n                  <div class=\"\">\n                    <p><span style=\"font-weight: 300; font-size: 20px; font-family: &quot;Open Sans&quot;; color: rgb(37, 41, 42);\">MAS M\u00fchendislik; t\u00fcm \u00e7al\u0131\u015fma alanlar\u0131nda \u00e7evreye duyarl\u0131l\u0131k bilinci ve m\u00fchendislik disiplini ile m\u00fc\u015fteri memnuniyetini en \u00fcst d\u00fczeyde tutmay\u0131 hedef alarak sekt\u00f6rde &#8220;lider olmak&#8221; vizyonu ile \u00e7al\u0131\u015fmaktad\u0131r.<\/span>\n                      <span\n                        style=\"font-weight: 400; font-size: 16px; font-family: &quot;Open Sans&quot;; color: rgb(70, 112, 127);\">&nbsp;<\/span>\n                    <\/p>\n                  <\/div>\n                <\/div>\n                <div data-colibri-id=\"125-c17\" class=\"h-text h-text-component style-808 style-local-125-c17 position-relative h-element\">\n                  <!---->\n                  <!---->\n                  <div class=\"\">\n                    <p>&#8220;Ba\u015far\u0131 bir yolculuktur, bir var\u0131\u015f noktas\u0131 de\u011fil.&#8221;<\/p>\n                  <\/div>\n                <\/div>\n              <\/div>\n            <\/div>\n          <\/div>\n        <\/div>\n      <\/div>\n    <\/div>\n  <\/div>\n  <div data-colibri-component=\"section\" data-colibri-id=\"125-c14\" id=\"custom-2\" class=\"h-section h-section-global-spacing d-flex align-items-lg-center align-items-md-center align-items-center style-635 style-local-125-c14 position-relative\">\n    <!---->\n    <!---->\n    <div class=\"h-section-grid-container h-section-boxed-container\">\n      <!---->\n      <div data-colibri-id=\"125-c15\" class=\"h-row-container gutters-row-lg-2 gutters-row-md-2 gutters-row-0 gutters-row-v-lg-2 gutters-row-v-md-2 gutters-row-v-2 style-639 style-local-125-c15 position-relative\">\n        <!---->\n        <div class=\"h-row justify-content-lg-center justify-content-md-center justify-content-center align-items-lg-stretch align-items-md-stretch align-items-stretch gutters-col-lg-2 gutters-col-md-2 gutters-col-0 gutters-col-v-lg-2 gutters-col-v-md-2 gutters-col-v-2\">\n          <!---->\n          <div class=\"h-column h-column-container d-flex h-col-lg-auto h-col-md-auto h-col-auto style-640-outer style-local-125-c16-outer\">\n            <div data-colibri-id=\"125-c16\" class=\"d-flex h-flex-basis h-column__inner h-ui-empty-state-container h-px-lg-2 h-px-md-2 h-px-2 v-inner-lg-2 v-inner-md-2 v-inner-2 style-640 style-local-125-c16 position-relative\">\n              <!---->\n              <!---->\n              <div class=\"w-100 h-y-container h-column__content h-column__v-align flex-basis-100\">\n                <!---->\n              <\/div>\n            <\/div>\n          <\/div>\n        <\/div>\n      <\/div>\n    <\/div>\n  <\/div>\n<\/div>","protected":false},"excerpt":{"rendered":"<p>MAS M\u00fchendislik; mekanik tesisat sekt\u00f6r\u00fcnde yakla\u015f\u0131k 15 y\u0131l boyunca edinilen tecr\u00fcbeler sonucunda 2020 y\u0131l\u0131nda kurulan bir taahh\u00fct firmas\u0131d\u0131r. Bu tecr\u00fcbeler \u0131\u015f\u0131\u011f\u0131nda ila\u00e7 fabrikalar\u0131, end\u00fcstriyel tesisler, hastaneler, zincir ma\u011fazalar vb. \u00e7ok \u00e7e\u015fitli ve geni\u015f yelpazedeki yap\u0131lar\u0131n mekanik tesisat tasar\u0131m ve uygulama alanlar\u0131nda faaliyet g\u00f6stermektedir. Misyonumuz MAS M\u00fchendislik; \u00fcstlendi\u011fi mekanik proje ve uygulama i\u015flerini daima yenilik\u00e7i, yarat\u0131c\u0131 [&hellip;]<\/p>\n","protected":false},"author":1,"featured_media":0,"parent":0,"menu_order":0,"comment_status":"closed","ping_status":"closed","template":"page-templates\/full-width-page.php","meta":{"_themeisle_gutenberg_block_has_review":false,"_ti_tpc_template_sync":false,"_ti_tpc_template_id":""},"_links":{"self":[{"href":"https:\/\/masmuhendislik.com\/index.php?rest_route=\/wp\/v2\/pages\/125"}],"collection":[{"href":"https:\/\/masmuhendislik.com\/index.php?rest_route=\/wp\/v2\/pages"}],"about":[{"href":"https:\/\/masmuhendislik.com\/index.php?rest_route=\/wp\/v2\/types\/page"}],"author":[{"embeddable":true,"href":"https:\/\/masmuhendislik.com\/index.php?rest_route=\/wp\/v2\/users\/1"}],"replies":[{"embeddable":true,"href":"https:\/\/masmuhendislik.com\/index.php?rest_route=%2Fwp%2Fv2%2Fcomments&post=125"}],"version-history":[{"count":20,"href":"https:\/\/masmuhendislik.com\/index.php?rest_route=\/wp\/v2\/pages\/125\/revisions"}],"predecessor-version":[{"id":1294,"href":"https:\/\/masmuhendislik.com\/index.php?rest_route=\/wp\/v2\/pages\/125\/revisions\/1294"}],"wp:attachment":[{"href":"https:\/\/masmuhendislik.com\/index.php?rest_route=%2Fwp%2Fv2%2Fmedia&parent=125"}],"curies":[{"name":"wp","href":"https:\/\/api.w.org\/{rel}","templated":true}]}}